{"id":134,"date":"2013-11-25T13:18:40","date_gmt":"2013-11-25T12:18:40","guid":{"rendered":"http:\/\/tesea.uva.es\/?page_id=134"},"modified":"2020-04-04T16:53:18","modified_gmt":"2020-04-04T15:53:18","slug":"contratos","status":"publish","type":"page","link":"https:\/\/tesea.uva.es\/en\/proyectos-y-contratos\/contratos\/","title":{"rendered":"Contracts"},"content":{"rendered":"<p><strong>Title:<\/strong>\u00a0An\u00e1lisis y contraste de objetos fabricados con metales preciosos<br \/>\n<strong>Contract type:\u00a0<\/strong>Art\u00edculo 83,LOU<br \/>\n<strong>Supported by:\u00a0\u00a0<\/strong>Junta de Castilla y<strong>\u00a0<\/strong>Le\u00f3n (Consejer\u00eda de Industria)<br \/>\n<strong>Period:<\/strong><strong>\u00a0<\/strong>\u00a02011-2018<br \/>\n<strong>Researcher in charge:\u00a0<\/strong>Mar\u00eda Jes\u00fas del Nozal Nalda<\/p>\n<p><strong>Title:<\/strong>An\u00e1lisis aplicado<br \/>\n<strong>Contract type:\u00a0<\/strong>Art\u00edculo 83,LOU<br \/>\n<strong>Supported by:\u00a0\u00a0<\/strong>GlaxoSmithKline Espa\u00f1a, Gadea, Fundaci\u00f3n de Patrimonio de la Junta de Castilla y Le\u00f3n<br \/>\n<strong>Period:<\/strong><strong>\u00a0<\/strong>\u00a02011-2016<br \/>\n<strong>Researcher in charge:\u00a0<\/strong>Jos\u00e9 Luis Bernal Yag\u00fce<\/p>\n<p><strong>Title:<\/strong><strong>\u00a0<\/strong>Consultor\u00eda y asistencia dentro del proyecto RESITECH para desarrollo de m\u00e9todos multiresiduo de an\u00e1lisis de rodenticidas y otros t\u00f3xicos<strong><br \/>\nContract type:\u00a0<\/strong>Art\u00edculo 83,LOU<strong><br \/>\nSupported by:\u00a0<\/strong>ITACyL (Junta de Castilla y\u00a0Le\u00f3n)<strong><br \/>\nPeriod:<\/strong>\u00a02012<strong><br \/>\nResearcher in charge:\u00a0<\/strong>Jos\u00e9 Luis Bernal Yag\u00fce<\/p>\n<p><strong>Title:<\/strong><strong>\u00a0<\/strong>Aplicaci\u00f3n de metodolog\u00eda HPLC-DAD-FLD para estudios de degradaci\u00f3n<strong><br \/>\nContract type:\u00a0<\/strong>Art\u00edculo 83, LOU<strong><br \/>\nSupported by:\u00a0<\/strong>ITACyL (Junta de Castilla y\u00a0Le\u00f3n)<strong><br \/>\nPeriod:\u00a0<\/strong>2011<strong><br \/>\nResearcher in charge:\u00a0<\/strong>Mar\u00eda Jes\u00fas del Nozal Nalda<\/p>\n<p><strong>Title:<\/strong><strong>\u00a0<\/strong>Desarrollo de metodolog\u00eda para an\u00e1lisis multiresiduo de rodenticidas<strong><br \/>\nContract type:\u00a0<\/strong>Art\u00edculo 83, LOU<strong><br \/>\nSupported by:\u00a0<\/strong>ITACyL (Junta de Castilla y\u00a0Le\u00f3n)<br \/>\n<strong>Period:<\/strong>\u00a02011<strong><br \/>\nResearcher in charge:\u00a0<\/strong>Jos\u00e9 Luis Bernal Yag\u00fce<\/p>\n<p><strong>Title:\u00a0<\/strong>Desarrollo de metodolog\u00eda anal\u00edtica para control de materias primas y productos farmac\u00e9uticos<strong><br \/>\nContract type:\u00a0<\/strong>Art\u00edculo 83, LOU<strong><br \/>\nSupported by:\u00a0<\/strong>Ragactives S.A.<strong><br \/>\nPeriod:\u00a0<\/strong>2010-2011<strong><br \/>\nResearcher in charge:\u00a0<\/strong>Jos\u00e9 Luis Bernal Yag\u00fce<\/p>\n<p><strong>Title:<\/strong><strong>\u00a0<\/strong>Escalado industrial de procesos de SFC<strong><br \/>\nContract type:\u00a0<\/strong>Art\u00edculo 83, LOU<strong><br \/>\nSupported by:\u00a0<\/strong>Soluciones extractivas alimentarias (SOLUTEX)<strong><br \/>\nPeriod:\u00a0<\/strong>2009-2011<strong><br \/>\nResearcher in charge:\u00a0<\/strong>Jos\u00e9 Luis Bernal Yag\u00fce<\/p>\n<p><strong>Title:\u00a0<\/strong><strong>Control de\u00a0 plagas de roedores<br \/>\nContract type:\u00a0<\/strong>Art\u00edculo 83, LOU<strong><br \/>\nESupported by:\u00a0<\/strong>Instituto Tecnol\u00f3gico Agrario de Castilla y Le\u00f3n (ITACyL, Junta de Castilla y Le\u00f3n)<br \/>\n<strong>Period:<\/strong><strong>\u00a0<\/strong>2008-2011<strong><br \/>\nResearcher in charge:\u00a0<\/strong>Jos\u00e9 Luis Bernal Yag\u00fce<\/p>\n<p><strong>Title:<\/strong><strong>\u00a0<\/strong>Desarrollo e investigaci\u00f3n de metodolog\u00eda anal\u00edtica<strong><br \/>\nContract type:<\/strong>\u00a0Art\u00edculo 83, LOU<strong><br \/>\nSupported by:\u00a0<\/strong>Laboratorio de Gesti\u00f3n Ambiental (URBASER)<strong><br \/>\nPeriod:\u00a0<\/strong>2007-2009<strong><br \/>\nResearcher in charge:\u00a0<\/strong>Jos\u00e9 Luis Bernal Yag\u00fce<\/p>\n<p><strong>Title:\u00a0<\/strong><strong>Determinaci\u00f3n de amitraz total en tiras medicamentosas y de residuos de amitraz<\/strong><strong><br \/>\nContract type:\u00a0<\/strong><strong>Art\u00edculo 83, LOU<\/strong><strong><br \/>\nSupported by<\/strong><strong>:\u00a0\u00a0Laboratorios Calier<\/strong><strong><br \/>\nPeriod:\u00a0<\/strong><strong>2003-2005<\/strong><strong><br \/>\nResearcher in charge:\u00a0<\/strong><strong>Jos\u00e9 Luis Bernal Yag\u00fce<\/strong><\/p>\n<p><strong>Title:<\/strong><strong>\u00a0<\/strong>Determinaci\u00f3n del contenido en tilosina en muestras de alimento para abejas<br \/>\n<strong>Contract type:<\/strong><strong>\u00a0<\/strong>Art\u00edculo 83, LOU<strong><br \/>\nSupported by:\u00a0<\/strong>Laboratorios Calier<strong><br \/>\nPeriod:\u00a0<\/strong>2003-2005<strong><br \/>\nResearcher in charge:\u00a0<\/strong>Mar\u00eda Jes\u00fas del Nozal Nalda<\/p>","protected":false},"excerpt":{"rendered":"<p>Title:\u00a0An\u00e1lisis y contraste de objetos fabricados con metales preciosos Contract type:\u00a0Art\u00edculo 83,LOU Supported by:\u00a0\u00a0Junta de Castilla y\u00a0Le\u00f3n (Consejer\u00eda de Industria) Period:\u00a0\u00a02011-2018 Researcher in charge:\u00a0Mar\u00eda Jes\u00fas del Nozal Nalda Title:An\u00e1lisis aplicado Contract type:\u00a0Art\u00edculo 83,LOU Supported by:\u00a0\u00a0GlaxoSmithKline Espa\u00f1a, Gadea, Fundaci\u00f3n de Patrimonio de la Junta de Castilla y Le\u00f3n Period:\u00a0\u00a02011-2016 Researcher in charge:\u00a0Jos\u00e9 Luis Bernal Yag\u00fce Title:\u00a0Consultor\u00eda y asistencia dentro del proyecto RESITECH para desarrollo de m\u00e9todos multiresiduo de an\u00e1lisis de rodenticidas y otros t\u00f3xicos Contract type:\u00a0Art\u00edculo 83,LOU Supported by:\u00a0ITACyL (Junta de Castilla y\u00a0Le\u00f3n) Period:\u00a02012 Researcher in&hellip;<\/p>\n","protected":false},"author":169,"featured_media":0,"parent":467,"menu_order":0,"comment_status":"closed","ping_status":"closed","template":"page-templates\/full-width.php","meta":{"footnotes":""},"class_list":["post-134","page","type-page","status-publish","hentry"],"_links":{"self":[{"href":"https:\/\/tesea.uva.es\/en\/wp-json\/wp\/v2\/pages\/134","targetHints":{"allow":["GET"]}}],"collection":[{"href":"https:\/\/tesea.uva.es\/en\/wp-json\/wp\/v2\/pages"}],"about":[{"href":"https:\/\/tesea.uva.es\/en\/wp-json\/wp\/v2\/types\/page"}],"author":[{"embeddable":true,"href":"https:\/\/tesea.uva.es\/en\/wp-json\/wp\/v2\/users\/169"}],"replies":[{"embeddable":true,"href":"https:\/\/tesea.uva.es\/en\/wp-json\/wp\/v2\/comments?post=134"}],"version-history":[{"count":0,"href":"https:\/\/tesea.uva.es\/en\/wp-json\/wp\/v2\/pages\/134\/revisions"}],"up":[{"embeddable":true,"href":"https:\/\/tesea.uva.es\/en\/wp-json\/wp\/v2\/pages\/467"}],"wp:attachment":[{"href":"https:\/\/tesea.uva.es\/en\/wp-json\/wp\/v2\/media?parent=134"}],"curies":[{"name":"wp","href":"https:\/\/api.w.org\/{rel}","templated":true}]}}