{"id":138,"date":"2013-11-25T14:20:31","date_gmt":"2013-11-25T12:20:31","guid":{"rendered":"http:\/\/tesea.uva.es\/?page_id=138"},"modified":"2022-02-13T11:34:10","modified_gmt":"2022-02-13T10:34:10","slug":"asignaturas","status":"publish","type":"page","link":"https:\/\/tesea.uva.es\/en\/docencia\/asignaturas\/","title":{"rendered":"Programs"},"content":{"rendered":"<p><strong><u>GRADO EN QU\u00cdMICA <\/u><\/strong><\/p>\n<ul>\n<li><strong>Qu\u00edmica anal\u00edtica Aplicada<\/strong><\/li>\n<li><strong>Control y Gesti\u00f3n de Calidad.<\/strong><\/li>\n<li><strong><em>Operaciones B\u00e1sicas de Laboratorio II<\/em><\/strong><\/li>\n<li><strong><em>Qu\u00edmica III<\/em><\/strong><\/li>\n<li><strong><em>Qu\u00edmica Anal\u00edtica I<\/em><\/strong><\/li>\n<li><strong><em>Qu\u00edmica Anal\u00edtica II<\/em><\/strong><\/li>\n<li><strong><em>Qu\u00edmica Experimental I<\/em><\/strong><\/li>\n<li><strong><em>Qu\u00edmica Experimental III<\/em><\/strong><strong><em><br \/><\/em><\/strong><\/li>\n<li><strong><em>Qu\u00edmica Anal\u00edtica IV<\/em><\/strong><\/li>\n<li><strong><em>Trabajo Fin de Grado<\/em><\/strong><\/li>\n<\/ul>\n<p><span style=\"text-decoration: underline;\"><strong>GRADO EN INGENIER\u00cdA QU\u00cdMICA<\/strong><\/span><\/p>\n<ul>\n<li>An\u00e1lisis Instrumental<\/li>\n<\/ul>\n<p><span style=\"text-decoration: underline;\"><strong>GRADO EN INGENIER\u00cdA ELECTR\u00d3NICA INDUSTRIAL Y AUTOM\u00c1TICA<\/strong><\/span><\/p>\n<ul>\n<li>Qu\u00edmica en Ingenier\u00eda<\/li>\n<\/ul>\n<p><span style=\"text-decoration: underline;\"><strong>GRADO EN INGENIER\u00cdA EN TECNOLOG\u00cdAS INDUSTRIALES<\/strong><\/span><\/p>\n<ul>\n<li>Qu\u00edmica Aplicada a la Ingenier\u00eda<\/li>\n<\/ul>\n<p><span style=\"text-decoration: underline;\"><strong>MASTER EN T\u00c9CNICAS AVANZADAS EN QU\u00cdMICA. AN\u00c1LISIS Y CONTROL DE CALIDAD QU\u00cdMICOS<\/strong><\/span><\/p>\n<ul>\n<li>T\u00e9cnicas Anal\u00edticas Avanzadas<\/li>\n<li>An\u00e1lisis de Contaminantes Medio-Ambientales<\/li>\n<\/ul>\n<p><span style=\"text-decoration: underline;\"><strong>M\u00c1STER DE PROFESOR DE SECUNDARIA \u2013 M\u00d3DULO ESPEC\u00cdFICO: F\u00cdSICA Y QU\u00cdMICA Y SU DID\u00c1CTICA.<\/strong><\/span><\/p>\n<ul>\n<li>Complementos de Qu\u00edmica<\/li>\n<li>Laboratorios de Qu\u00edmica.<br \/><br \/><\/li>\n<\/ul>\n\n\n<p><\/p>\n","protected":false},"excerpt":{"rendered":"<p>GRADO EN QU\u00cdMICA Qu\u00edmica anal\u00edtica Aplicada Control y Gesti\u00f3n de Calidad. Operaciones B\u00e1sicas de Laboratorio II Qu\u00edmica III Qu\u00edmica Anal\u00edtica I Qu\u00edmica Anal\u00edtica II Qu\u00edmica Experimental I Qu\u00edmica Experimental III Qu\u00edmica Anal\u00edtica IV Trabajo Fin de Grado GRADO EN INGENIER\u00cdA QU\u00cdMICA An\u00e1lisis Instrumental GRADO EN INGENIER\u00cdA ELECTR\u00d3NICA INDUSTRIAL Y AUTOM\u00c1TICA Qu\u00edmica en Ingenier\u00eda GRADO EN INGENIER\u00cdA EN TECNOLOG\u00cdAS INDUSTRIALES Qu\u00edmica Aplicada a la Ingenier\u00eda MASTER EN T\u00c9CNICAS AVANZADAS EN QU\u00cdMICA. AN\u00c1LISIS Y CONTROL DE CALIDAD QU\u00cdMICOS T\u00e9cnicas Anal\u00edticas Avanzadas An\u00e1lisis de Contaminantes Medio-Ambientales M\u00c1STER DE&hellip;<\/p>\n","protected":false},"author":169,"featured_media":0,"parent":136,"menu_order":0,"comment_status":"closed","ping_status":"closed","template":"","meta":{"footnotes":""},"class_list":["post-138","page","type-page","status-publish","hentry"],"_links":{"self":[{"href":"https:\/\/tesea.uva.es\/en\/wp-json\/wp\/v2\/pages\/138","targetHints":{"allow":["GET"]}}],"collection":[{"href":"https:\/\/tesea.uva.es\/en\/wp-json\/wp\/v2\/pages"}],"about":[{"href":"https:\/\/tesea.uva.es\/en\/wp-json\/wp\/v2\/types\/page"}],"author":[{"embeddable":true,"href":"https:\/\/tesea.uva.es\/en\/wp-json\/wp\/v2\/users\/169"}],"replies":[{"embeddable":true,"href":"https:\/\/tesea.uva.es\/en\/wp-json\/wp\/v2\/comments?post=138"}],"version-history":[{"count":0,"href":"https:\/\/tesea.uva.es\/en\/wp-json\/wp\/v2\/pages\/138\/revisions"}],"up":[{"embeddable":true,"href":"https:\/\/tesea.uva.es\/en\/wp-json\/wp\/v2\/pages\/136"}],"wp:attachment":[{"href":"https:\/\/tesea.uva.es\/en\/wp-json\/wp\/v2\/media?parent=138"}],"curies":[{"name":"wp","href":"https:\/\/api.w.org\/{rel}","templated":true}]}}