{"id":140,"date":"2013-11-25T14:21:00","date_gmt":"2013-11-25T12:21:00","guid":{"rendered":"http:\/\/tesea.uva.es\/?page_id=140"},"modified":"2020-03-13T20:55:29","modified_gmt":"2020-03-13T19:55:29","slug":"tesis-doctorales","status":"publish","type":"page","link":"https:\/\/tesea.uva.es\/en\/docencia\/tesis-doctorales\/","title":{"rendered":"Ph. D Theses"},"content":{"rendered":"<p><strong>[symple_heading type=&#8221;h2&#8243; title=&#8221;201<u>8<\/u>&#8221; margin_top=&#8221;20px;&#8221; margin_bottom=&#8221;20px&#8221; text_align=&#8221;left&#8221;]<\/strong><\/p>\n<p><strong>Title:<\/strong>\u00a0 ANALYSIS OF VOLATILE COMPOUNDS IN BREADS AND RELATED PRODUCTS. IMPROVEMENT OF GLUTEN-FREE BREADS AROMA<br \/>\n<strong>Author:<\/strong>\u00a0 PICO CARBAJO, JOANA<br \/>\n<strong>Department:<\/strong>\u00a0 QUIMICA ANALITICA, FACULTAD DE CIENCIAS, UNIVERSIDAD DE VALLADOLID<br \/>\n<strong>Examination date:<\/strong>\u00a0 13\/04\/2018<br \/>\n<strong>Verdict:<\/strong> Sobresaliente <em>cum laude <\/em>por unanimidad (MENCI\u00d3N INTERNACIONAL)<br \/>\n<strong>Supervisors:<\/strong><br \/>\n&#8211; BERNAL DEL NOZAL, JOS\u00c9<br \/>\n&#8211; G\u00d3MEZ PALLAR\u00c9S, MANUEL<\/p>\n<p><strong>Title:<\/strong>\u00a0 NUEVAS METODOLOG\u00cdAS ANAL\u00cdTICAS PARA LA DETERMINACI\u00d3N DE NEONICOTINOIDES EN SEMILLAS SUELOS Y PRODUCTOS AP\u00cdCOLAS<br \/>\n<strong>Author:<\/strong>\u00a0 VALVERDE BASTARDO, SILVIA<br \/>\n<strong>Department:<\/strong>\u00a0 QUIMICA ANALITICA, FACULTAD DE CIENCIAS, UNIVERSIDAD DE VALLADOLID<br \/>\n<strong>Examination date:<\/strong>\u00a0 19\/10\/2018<br \/>\n<strong>Verdict:<\/strong> <em>pending<\/em><br \/>\n<strong>Supervisors:<\/strong><br \/>\n&#8211; DEL NOZAL NALDA, MAR\u00cdA JES\u00daS<br \/>\n&#8211; BERNAL DEL NOZAL, JOS\u00c9<\/p>\n<p><strong><br \/>\n[symple_heading type=&#8221;h2&#8243; title=&#8221;<strong>2015<\/strong>&#8221; margin_top=&#8221;20px;&#8221; margin_bottom=&#8221;20px&#8221; text_align=&#8221;left&#8221;]<\/strong><br \/>\n<strong>T\u00edtle:\u00a0<\/strong> ANALYTICAL METHODOLOGY FOR THE DETERMINATION OF POTENTIALLY EFFECTIVE COMPOUNDS FROM NATURAL PRODUCTS TO CONTROL NOSEMA CERANAE INFECTION IN HONEY BEE (APIS MELLIFERA)<br \/>\n<strong>Author:\u00a0<\/strong> ARES SACRIST\u00c1N, ANA MAR\u00cdA<br \/>\n<strong>Department:\u00a0<\/strong> QUIMICA ANALITICA, FACULTAD DE CIENCIAS, UNIVERSIDAD DE VALLADOLID<br \/>\n<strong>Examination date:<\/strong>\u00a0 03\/07\/2015<br \/>\n<strong>Verdict:<\/strong> Sobresaliente <em>cum laude<\/em> por unanimidad (MENCI\u00d3N INTERNACIONAL, PREMIO EXTRAORDINARIO DE DOCTORADO)<br \/>\n<strong>Supervisors:<\/strong><br \/>\n&#8211; DEL NOZAL NALDA, MAR\u00cdA JES\u00daS<br \/>\n&#8211; BERNAL DEL NOZAL, JOS\u00c9<\/p>\n<p><strong>T\u00edtle:\u00a0<\/strong> RESIDUOS DE NEONICOTINOIDES Y ESPINOSAD EN CERA Y POLEN:DETERMINACI\u00d3N POR LC-ESI-MS<br \/>\n<strong>Author:\u00a0<\/strong> Y\u00c1\u00d1EZ ARELLANO, KAREN DEL PILAR<br \/>\n<strong>Department:\u00a0<\/strong> QUIMICA ANALITICA, FACULTAD DE CIENCIAS, UNIVERSIDAD DE VALLADOLID<br \/>\n<strong>Examination Date:<\/strong>\u00a0 14\/01\/2015<br \/>\n<strong>Verdict:<\/strong> Sobresaliente <em>cum laude<\/em> por unanimidad<br \/>\n<strong>Supervisors:<\/strong><br \/>\n&#8211; BERNAL YAG\u00dcE, JOS\u00c9 LU\u00cdS<br \/>\n&#8211; MART\u00cdN G\u00d3MEZ, MAR\u00cdA TERESA<\/p>\n<p>[symple_heading type=&#8221;h2&#8243; title=&#8221;<strong>2014<\/strong>&#8221; margin_top=&#8221;20px;&#8221; margin_bottom=&#8221;20px&#8221; text_align=&#8221;left&#8221;]<\/p>\n<p><strong>T\u00edtle:\u00a0<\/strong> CROMATOGRAF\u00cdA DE GASES MONO Y BIDIMENSIONAL PARA LA DETECCI\u00d3N DE CAMBIOS DERIVADOS DEL PROCESADO DE ALIMENTOS<br \/>\n<strong>Author:\u00a0<\/strong> MANZANO SAN JOS\u00c9, PILAR<br \/>\n<strong>Department:\u00a0<\/strong> QUIMICA ANALITICA, FACULTAD DE CIENCIAS, UNIVERSIDAD DE VALLADOLID<br \/>\n<strong>Examination date:<\/strong>\u00a0 08\/07\/2014<br \/>\n<strong>Verdict:<\/strong> Sobresaliente <em>cum laude<\/em> por unanimidad<br \/>\n<strong>Supervisors:<\/strong><br \/>\n&#8211; BERNAL DEL NOZAL, JOS\u00c9<br \/>\n&#8211; DIEGO CALVA, JUAN CARLOS<\/p>\n<p><strong>T\u00edtle:\u00a0<\/strong> METODOLOG\u00cdA MULTIRRESIDUO PARA AN\u00c1LISIS DE RODENTICIDAS EN MUESTRAS AMBIENTALES<br \/>\n<strong>Author:\u00a0<\/strong> HERN\u00c1NDEZ BAHILLO, ALMA MAR\u00cdA<br \/>\n<strong>Department:\u00a0<\/strong> QUIMICA ANALITICA, FACULTAD DE CIENCIAS, UNIVERSIDAD DE VALLADOLID<br \/>\n<strong>Examination date:<\/strong>\u00a0 22\/01\/2015<br \/>\n<strong>Verdict:<\/strong> Sobresaliente <em>cum laude<\/em> por unanimidad<br \/>\n<strong>Supervisors:<\/strong><br \/>\n&#8211; DEL NOZAL NALDA, MAR\u00cdA JES\u00daS<br \/>\n&#8211; BERNAL YAG\u00dcE, JOS\u00c9 LU\u00cdS<\/p>\n<p>[symple_heading type=&#8221;h2&#8243; title=&#8221;<strong>2012<\/strong>&#8221; margin_top=&#8221;20px;&#8221; margin_bottom=&#8221;20px&#8221; text_align=&#8221;left&#8221;]<\/p>\n<p><strong>Title:\u00a0<\/strong> DETERMINACI\u00d3N DE CIS-\/TRANS-ESTILBENOS (RESVERATROL Y PICEIDO), TRIPT\u00d3FANO Y METABOLITOS EN PRODUCTOS AP\u00cdCOLAS POR CROMATOGRAF\u00cdA DE L\u00cdQUIDOS<br \/>\n<strong>Author:\u00a0<\/strong> SOTO SARRIA, MAR\u00cdA ERNESTINA<br \/>\n<strong>Department:\u00a0<\/strong> QUIMICA ANALITICA, FACULTAD DE CIENCIAS, UNIVERSIDAD DE VALLADOLID<br \/>\n<strong>Examination date:<\/strong>\u00a0 20\/07\/2012<br \/>\n<strong>Verdicts:<\/strong> Sobresaliente <em>cum laude<\/em> por unanimidad<br \/>\n<strong>Supervisors:<\/strong><br \/>\n&#8211; DEL NOZAL NALDA, MAR\u00cdA JES\u00daS\u00a0(Director)<br \/>\n&#8211; BERNAL YAG\u00dcE, JOS\u00c9 LU\u00cdS\u00a0(Codirector)<\/p>\n<p><strong>[symple_heading type=&#8221;h2&#8243; title=&#8221;<strong>2011<\/strong>&#8221; margin_top=&#8221;20px;&#8221; margin_bottom=&#8221;20px&#8221; text_align=&#8221;left&#8221;]<\/strong><\/p>\n<p><strong>Title:\u00a0<\/strong> EXTRACCI\u00d3N CON FLUIDOS SUPERCR\u00cdTICOS EN LA OBTENCI\u00d3N DE COMPUESTOS CON ACTIVIDADES FUNCIONALES A PARTIR DE HOJAS DE BR\u00d3COLI<br \/>\n<strong>Author:<\/strong>\u00a0 ARN\u00c1IZ RODRIGO, ESTHER<br \/>\n<strong>Department:<\/strong>\u00a0 QUIMICA ANALITICA, FACULTAD DE CIENCIAS, UNIVERSIDAD DE VALLADOLID<br \/>\n<strong>Examination date:\u00a0<\/strong> 25\/11\/2011<br \/>\n<strong>Verdicts:<\/strong> Sobresaliente <em>cum laude<\/em> por unanimidad<br \/>\n<strong>Supervisors:<\/strong><br \/>\n&#8211; TORIBIO RECIO, LAURA\u00a0 (Director)<br \/>\n&#8211; MARTIN GOMEZ, MARIA TERESA \u00a0(Codirector)<\/p>\n<p><strong><strong>[symple_heading type=&#8221;h2&#8243; title=&#8221;<strong>2010<\/strong>&#8221; margin_top=&#8221;20px;&#8221; margin_bottom=&#8221;20px&#8221; text_align=&#8221;left&#8221;]<\/strong><\/strong><\/p>\n<p><strong>Title:<\/strong>\u00a0 PREPARACI\u00d3N DE MUESTRA PARA LA DETERMINACI\u00d3N DE RESIDUOS DE FIPRONIL EN PRODUCTOS AP\u00cdCOLAS Y DE PLAGUICIDAS EN POLEN MEDIANTE CROMATOGRAF\u00cdA DE GASES<br \/>\n<strong>Author:<\/strong>\u00a0 MAYO S\u00c1NCHEZ, REBECA<br \/>\n<strong>Universidad:<\/strong>\u00a0 VALLADOLID<br \/>\n<strong>Department:<\/strong>\u00a0 QUIMICA ANALITICA, FACULTAD DE CIENCIAS, UNIVERSIDAD DE VALLADOLID<br \/>\n<strong>Examination date:<\/strong>\u00a0 08\/10\/2010<br \/>\n<strong>Verdicts:<\/strong> Sobresaliente <em>cum laude <\/em>por unanimidad<br \/>\n<strong>Supervisors:<br \/>\n<\/strong>&#8211; JIM\u00c9NEZ SEVILLA, JUAN JOS\u00c9\u00a0 (Director)*<\/p>\n<p class=\"rese\">*Leaves TESEA.<\/p>\n<p><strong>[symple_heading type=&#8221;h2&#8243; title=&#8221;<strong>2008<\/strong>&#8221; margin_top=&#8221;20px;&#8221; margin_bottom=&#8221;20px&#8221; text_align=&#8221;left&#8221;]<\/strong><\/p>\n<p><strong>Title:<\/strong>\u00a0 PAR\u00c1METROS NORMA, AZ\u00daCARES Y ELEMENTOS MINERALES EN LA CARACTERIZACI\u00d3N Y DISCRIMINACI\u00d3N DE MIELES MONOFLORALES. MIELES DE SORIA.<br \/>\n<strong>Author:<\/strong>\u00a0 DIEGO CALVA JUAN CARLOS<br \/>\n<strong>Department:<\/strong>\u00a0 QUIMICA ANALITICA, FACULTAD DE CIENCIAS, UNIVERSIDAD DE VALLADOLID<br \/>\n<strong>Examination date:<\/strong>\u00a0 13\/02\/2008<br \/>\n<strong>Verdicts:<\/strong> Sobresaliente <em>cum laude <\/em>por unanimidad<br \/>\n<strong>Supervisors:<\/strong><br \/>\n&#8211; BERNAL YAG\u00dcE, JOS\u00c9 LUIS<br \/>\n&#8211; DEL NOZAL NALDA, MARIA JESUS<\/p>\n<p><strong><strong>[symple_heading type=&#8221;h2&#8243; title=&#8221;<strong>2007<\/strong>&#8221; margin_top=&#8221;20px;&#8221; margin_bottom=&#8221;20px&#8221; text_align=&#8221;left&#8221;]<\/strong><\/strong><\/p>\n<p><strong>Title:<\/strong>\u00a0 SEPARACI\u00d3N DE ENANTI\u00d3MEROS DE PRODUCTOS FARMAC\u00c9UTICOS A ESCALA ANAL\u00cdTICA Y SEMIPREPARATIVA MEDIANTE CROMATOGRAF\u00cdA DE FLUIDOS SUPERCR\u00cdTICOS<br \/>\n<strong> Author:<\/strong>\u00a0 ALONSO S\u00c1NCHEZ, CRISTINA<br \/>\n<strong>Universidad:<\/strong>\u00a0 VALLADOLID<br \/>\n<strong>Department:<\/strong>\u00a0 QUIMICA ANALITICA, FACULTAD DE CIENCIAS, UNIVERSIDAD DE VALLADOLID<br \/>\n<strong>Examination date:<\/strong>\u00a0 27\/04\/2007<br \/>\n<strong>Verdicts:<\/strong> Sobresaliente <em>cum laude <\/em>por unanimidad<br \/>\n<strong>Supervisors:<br \/>\n<\/strong>&#8211; TORIBIO RECIO, LAURA (Director)<\/p>\n<p><strong>Title:<\/strong>\u00a0 TIAMULINA Y TILOSINA COMO TRATAMIENTOS ALTERNATIVOS CONTRA LA LOQUE AMERICANA<br \/>\n<strong>Author:<\/strong>\u00a0 BERNAL DEL NOZAL, JOSE<br \/>\n<strong>Department:<\/strong>\u00a0 QUIMICA ANALITICA, FACULTAD DE CIENCIAS, UNIVERSIDAD DE VALLADOLID<br \/>\n<strong>Examination date:<\/strong>\u00a0 25\/05\/2007<br \/>\n<strong>Verdicts:<\/strong> Sobresaliente <em>cum laude <\/em>por unanimidad (Premio Extraordinario de Doctorado)<br \/>\n<strong>Supervisors:<br \/>\n<\/strong>&#8211; JIM\u00c9NEZ SEVILLA, JUAN JOS\u00c9*<br \/>\n&#8211; MARTIN GOMEZ, MARIA TERESA<\/p>\n<p>*Leaves TESEA<\/p>\n<p><strong>Title:<\/strong>\u00a0 DESARROLLO DE M\u00c9TODOS PARA AN\u00c1LISIS DE RESIDUOS DE PRINCIPIOS ACTIVOS Y DETERGENTES EN LA VALIDACI\u00d3N DE LIMPIEZA DE INSTALACIONES Y EQUIPOS EN LA INDUSTRIA FARMAC\u00c9UTICA<br \/>\n<strong>Author:<\/strong>\u00a0 DIEZ ALONSO, FRANCISCO JOS\u00c9<br \/>\n<strong>Department:<\/strong>\u00a0 QUIMICA ANALITICA, FACULTAD DE CIENCIAS, UNIVERSIDAD DE VALLADOLID<br \/>\n<strong>Examination date:<\/strong>\u00a0 09\/11\/2007<br \/>\n<strong>Verdicts:<\/strong> Sobresaliente <em>cum laude <\/em>por unanimidad<br \/>\n<strong>Supervisors:<br \/>\n<\/strong>&#8211; DEL NOZAL NALDA, MARIA JESUS<br \/>\n&#8211; MARTIN GOMEZ, MARIA TERESA<\/p>\n<p><strong><strong>[symple_heading type=&#8221;h2&#8243; title=&#8221;<strong>2005<\/strong>&#8221; margin_top=&#8221;20px;&#8221; margin_bottom=&#8221;20px&#8221; text_align=&#8221;left&#8221;]<\/strong><\/strong><\/p>\n<p><strong>Title:<\/strong>\u00a0 OBTENCI\u00d3N DE PRODUCTOS DE VALOR A\u00d1ADIDO A PARTIR DE BAGAZOS DE MALTA DE CEBADA Y DE ZUMO DE FRUTA, ASPECTOS ANAL\u00cdTICOS<br \/>\n<strong>Author:<\/strong>\u00a0 SANTOS SANZ, MAR\u00cdA<br \/>\n<strong>Examination date:<\/strong>\u00a0 29\/09\/2005<br \/>\n<strong>Department:<\/strong>\u00a0 QUIMICA ANALITICA, FACULTAD DE CIENCIAS, UNIVERSIDAD DE VALLADOLID<br \/>\n<strong>Verdicts:<\/strong> Sobresaliente <em>cum laude <\/em>por unanimidad<br \/>\n<strong>Supervisors:<br \/>\n<\/strong>&#8211; JIM\u00c9NEZ SEVILLA, JUAN JOS\u00c9*<br \/>\n&#8211; G\u00d3MEZ CORDOV\u00c9S DE LA VEGA, MAR\u00cdA CARMEN<\/p>\n<p>*Leaves TESEA<\/p>","protected":false},"excerpt":{"rendered":"<p>[symple_heading type=&#8221;h2&#8243; title=&#8221;2018&#8221; margin_top=&#8221;20px;&#8221; margin_bottom=&#8221;20px&#8221; text_align=&#8221;left&#8221;] Title:\u00a0 ANALYSIS OF VOLATILE COMPOUNDS IN BREADS AND RELATED PRODUCTS. IMPROVEMENT OF GLUTEN-FREE BREADS AROMA Author:\u00a0 PICO CARBAJO, JOANA Department:\u00a0 QUIMICA ANALITICA, FACULTAD DE CIENCIAS, UNIVERSIDAD DE VALLADOLID Examination date:\u00a0 13\/04\/2018 Verdict: Sobresaliente cum laude por unanimidad (MENCI\u00d3N INTERNACIONAL) Supervisors: &#8211; BERNAL DEL NOZAL, JOS\u00c9 &#8211; G\u00d3MEZ PALLAR\u00c9S, MANUEL Title:\u00a0 NUEVAS METODOLOG\u00cdAS ANAL\u00cdTICAS PARA LA DETERMINACI\u00d3N DE NEONICOTINOIDES EN SEMILLAS SUELOS Y PRODUCTOS AP\u00cdCOLAS Author:\u00a0 VALVERDE BASTARDO, SILVIA Department:\u00a0 QUIMICA ANALITICA, FACULTAD DE CIENCIAS, UNIVERSIDAD DE VALLADOLID Examination date:\u00a0&hellip;<\/p>\n","protected":false},"author":169,"featured_media":0,"parent":136,"menu_order":0,"comment_status":"closed","ping_status":"closed","template":"","meta":{"footnotes":""},"class_list":["post-140","page","type-page","status-publish","hentry"],"_links":{"self":[{"href":"https:\/\/tesea.uva.es\/en\/wp-json\/wp\/v2\/pages\/140","targetHints":{"allow":["GET"]}}],"collection":[{"href":"https:\/\/tesea.uva.es\/en\/wp-json\/wp\/v2\/pages"}],"about":[{"href":"https:\/\/tesea.uva.es\/en\/wp-json\/wp\/v2\/types\/page"}],"author":[{"embeddable":true,"href":"https:\/\/tesea.uva.es\/en\/wp-json\/wp\/v2\/users\/169"}],"replies":[{"embeddable":true,"href":"https:\/\/tesea.uva.es\/en\/wp-json\/wp\/v2\/comments?post=140"}],"version-history":[{"count":0,"href":"https:\/\/tesea.uva.es\/en\/wp-json\/wp\/v2\/pages\/140\/revisions"}],"up":[{"embeddable":true,"href":"https:\/\/tesea.uva.es\/en\/wp-json\/wp\/v2\/pages\/136"}],"wp:attachment":[{"href":"https:\/\/tesea.uva.es\/en\/wp-json\/wp\/v2\/media?parent=140"}],"curies":[{"name":"wp","href":"https:\/\/api.w.org\/{rel}","templated":true}]}}