{"id":471,"date":"2014-02-11T12:47:14","date_gmt":"2014-02-11T10:47:14","guid":{"rendered":"http:\/\/tesea.uva.es\/?page_id=471"},"modified":"2022-01-27T19:58:57","modified_gmt":"2022-01-27T18:58:57","slug":"proyectos","status":"publish","type":"page","link":"https:\/\/tesea.uva.es\/en\/proyectos-y-contratos\/proyectos\/","title":{"rendered":"Projects"},"content":{"rendered":"<p><\/p>\n<p><strong>Title:<\/strong> MEDIBEES. Monitoring the Mediterranean Honey Bee subspecies and their resilience to climate change for the improvement of sustainable agro-ecosystems.<br \/>\n<strong>Supported by:<\/strong> Fundaci\u00f3n PRIMA (Horizon 2020, European Union\u2019s Framework Programme for Research and Innovation)<br \/>\n<strong>Period, from:<\/strong> 03\/2021 <strong>till:<\/strong> 03\/2025<br \/>\n<strong>Researcher in charge:<\/strong> Raquel Mart\u00edn Hern\u00e1ndez<\/p>\n<p><strong>Title:<\/strong> Patobioma de las abejas mel\u00edferas: Microbiota en la salud y la enfermedad (BEE-PATHO-BIOME).<br \/>\n<strong>Supported by:<\/strong> JCCM. Consejer\u00eda de Educaci\u00f3n, Cultura y Deporte<br \/>\n(SBPLY\/19\/180501\/000334)<br \/>\n<strong>Period, from:<\/strong> 2020 <strong>till:<\/strong> 2022<br \/>\n<strong>Researcher in charge:<\/strong> Raquel Mart\u00edn Hern\u00e1ndez<\/p>\n<p><strong>Title:<\/strong> Evaluaci\u00f3n de los efectos de la exposici\u00f3n cr\u00f3nica de las colonias de Apis mellifera iberiensis a los principales agentes nos\u00f3genos presentes en las colmenas. Propuesta de medidas paliativas.<br \/>\n<strong>Supported by:<\/strong> Ministerio de Ciencia e Innovaci\u00f3n-Instituto Nacional de Investigaci\u00f3n y Tecnolog\u00eda Agraria y Alimentaria (RTA2017-00004-C02-01)<br \/>\n<strong>Period, from:<\/strong> 01\/01\/2019 <strong>till:<\/strong> 31\/01\/2021<br \/>\n<strong>Researcher in charge:<\/strong> Mariano Higes Pascual<\/p>\n<p><strong>T\u00edtle:<\/strong> Transferencia de xenobi\u00f3ticos desde la cera estampada a la colmena. Riesgos para las abejas y para la seguridad alimentaria<br \/>\n<strong>Supported by:<\/strong> Ministerio de Ciencia e Innovaci\u00f3n-Instituto Nacional de Investigaci\u00f3n y Tecnolog\u00eda Agraria y Alimentaria. (RTA2017-00004-C02-02)<br \/>\n<strong>Period, from:<\/strong> 01\/01\/2018 <strong>till:<\/strong> 31\/12\/2021<br \/>\n<strong>Researcher in charge: <\/strong>Mar\u00eda Jes\u00fas del Nozal Nalda<\/p>\n<p><strong>T\u00edtle:<\/strong> Beta\u00ednas y glucosinolatos como nutrientes del polen<br \/>\n<strong>Supported by:<\/strong> Ministerio de Ciencia e Innovaci\u00f3n-Instituto Nacional de Investigaci\u00f3n y Tecnolog\u00eda Agraria y Alimentaria. (RTA2015-00013-C03-03)<br \/>\n<strong>Period, from:<\/strong> 13\/07\/2017 <strong>till:<\/strong>12\/17\/2020<br \/>\n<strong>Researcher in charge: <\/strong>Jos\u00e9 Bernal del Nozal<\/p>\n<p><strong>Title:<\/strong> Factores de mejora en la productividad de la<br \/>\ncaba\u00f1a ap\u00edcola: eficiencia de los recursos alimenticios y de la resistencia gen\u00e9tica a enfermedades<br \/>\n<strong>Supported by:<\/strong> Ministerio de Ciencia e Innovaci\u00f3n-Instituto Nacional de Investigaci\u00f3n y Tecnolog\u00eda Agraria y Alimentaria (RTA 2015-00012-C03-01)<br \/>\n<strong>Period, from:<\/strong> 13\/07\/2017 <strong>till:<\/strong> 31\/12\/2020<br \/>\n<strong>Researcher in charge:<\/strong> Raquel Mart\u00edn Hern\u00e1ndez<\/p>\n<p><strong>Title:<\/strong> BPRACTICES. New indicators and on-farm practices to improve honeybee health in the Aethina tumida era in Europe. Nosema Research.<br \/>\n<strong>Supported by:<\/strong> Research Area on Sustainable Animal Production<br \/>\nEuropean (ERA-NET SUSAN Proposal 83\/PCIN-2017-096)<br \/>\n<strong>Period, from:<\/strong> 01\/02\/2017 <strong>till:<\/strong> 31\/01\/2020<br \/>\n<strong>Researcher in charge:<\/strong> Mariano Higes Pascual<\/p>\n<p><strong>Title:<\/strong>\u00a0Presencia y persistencia de neonicotinoides en cera y polen.<br \/>\n<strong>Supported by:<\/strong> Ministerio de Ciencia e Innovaci\u00f3n-Instituto Nacional de Investigaci\u00f3n y Tecnolog\u00eda Agraria y Alimentaria. (RTA2013-00042-C10-03).<br \/>\n<strong>Period, from:<\/strong> 02\/10\/2014 <strong>till:<\/strong> 02\/10\/2019.<br \/>\n<strong>Researcher in charge:<\/strong> Jos\u00e9 Luis Bernal Yag\u00fce.<\/p>\n<p><strong>Title:<\/strong> La interacci\u00f3n de los pat\u00f3genos, la alimentaci\u00f3n y las pr\u00e1cticas ap\u00edcolas sobre las colonias de las abejas. Su relaci\u00f3n con el s\u00edndrome de despoblamiento en Espa\u00f1a<br \/>\n<strong>Supported by:<\/strong> Ministerio de Ciencia e Innovaci\u00f3n-Instituto Nacional de Investigaci\u00f3n y Tecnolog\u00eda Agraria y Alimentaria (RTA2013-00042-C10-06)<br \/>\n<strong>Period, from:<\/strong> 02\/10\/2014 <strong>till:<\/strong> 01\/10\/2017<br \/>\n<strong>Researcher in charge:<\/strong> Mariano Higes Pascual<\/p>\n<p><strong>Title:<\/strong> Tratamientos alternativos con productos naturales para el control de las nosemosis de las abejas mel\u00edferas<br \/>\n<strong>Supported by:<\/strong> Ministerio de Econom\u00eda y Competitividad-Instituto Nacional de Investigaci\u00f3n y Tecnolog\u00eda Agraria y Alimentaria (RTA2012-00076-CO2-02).<br \/>\n<strong>Period, from:<\/strong> 15\/05\/2013<strong> till:<\/strong> 14\/05\/2016.<br \/>\n<strong>Researcher in charge:<\/strong> Mar\u00eda Jes\u00fas del Nozal Nalda<\/p>\n<p><strong>Title:<\/strong> Control de nosemosis de las abejas mel\u00edferas II. Metodolog\u00eda anal\u00edtica para uso alternativo de fitoalexinas.<br \/>\n<strong>Supported by:<\/strong> Ministerio de Ciencia e Innovaci\u00f3n-Instituto Nacional de Investigaci\u00f3n y Tecnolog\u00eda Agraria y Alimentaria (RTA2009-00105-CO2-02).<br \/>\n<strong>Period, from:<\/strong> 31\/11\/2009 <strong>till:<\/strong> 31\/11\/2012.<br \/>\n<strong>Researcher in charge:<\/strong> Jos\u00e9 Luis Bernal Yag\u00fce.<\/p>\n<p><strong>Title:<\/strong> Monitorizaci\u00f3n de enfermedades ap\u00edcolas para la detecci\u00f3n de alertas y riesgos sanitarios II. Residuos de quimioter\u00e1picos y agrot\u00f3xicos<br \/>\n<strong>Supported by:<\/strong> Ministerio de Ciencia e Innovaci\u00f3n-Instituto Nacional de Investigaci\u00f3n y Tecnolog\u00eda Agraria y Alimentaria (RTA2008-0020-C02-02).<br \/>\n<strong>Period, from:<\/strong> 31\/07\/2008 <strong>till:<\/strong> 31\/07\/2011.<br \/>\n<strong>Researcher in charge:<\/strong> M\u00aa Jes\u00fas del Nozal Nalda.<\/p>\n<p><strong>Title:<\/strong> Tecnolog\u00edas limpias aplicadas a la extracci\u00f3n de compuestos nutrace\u00faticos de broculi.<br \/>\n<strong>Supported by:<\/strong> Junta de Castilla y Le\u00f3n (GIR 127).<br \/>\n<strong>Period, from<\/strong>: 01\/09\/2008 <strong>till:<\/strong> 01\/09\/2010.<br \/>\n<strong>Researcher in charge: <\/strong> Jos\u00e9 Luis Bernal Yag\u00fce.<\/p>\n<p><strong>Title:<\/strong> Agrot\u00f3xicos en productos ap\u00edcolas y su relaci\u00f3n con el despoblamiento de las colmenas.<br \/>\n<strong>Supported by:<\/strong> Direcci\u00f3n General de Ganader\u00eda (API06-001).<br \/>\n<strong>Period, from:<\/strong> 01\/01\/2006 <strong>till:<\/strong> 31\/12\/2008.<br \/>\n<strong>Researcher in charge:<\/strong> Jos\u00e9 Luis Bernal Yag\u00fce.<\/p>","protected":false},"excerpt":{"rendered":"<p>Title: MEDIBEES. Monitoring the Mediterranean Honey Bee subspecies and their resilience to climate change for the improvement of sustainable agro-ecosystems. Supported by: Fundaci\u00f3n PRIMA (Horizon 2020, European Union\u2019s Framework Programme for Research and Innovation) Period, from: 03\/2021 till: 03\/2025 Researcher in charge: Raquel Mart\u00edn Hern\u00e1ndez Title: Patobioma de las abejas mel\u00edferas: Microbiota en la salud y la enfermedad (BEE-PATHO-BIOME). Supported by: JCCM. Consejer\u00eda de Educaci\u00f3n, Cultura y Deporte (SBPLY\/19\/180501\/000334) Period, from: 2020 till: 2022 Researcher in charge: Raquel Mart\u00edn Hern\u00e1ndez Title: Evaluaci\u00f3n de los efectos&hellip;<\/p>\n","protected":false},"author":169,"featured_media":0,"parent":467,"menu_order":0,"comment_status":"closed","ping_status":"closed","template":"","meta":{"footnotes":""},"class_list":["post-471","page","type-page","status-publish","hentry"],"_links":{"self":[{"href":"https:\/\/tesea.uva.es\/en\/wp-json\/wp\/v2\/pages\/471","targetHints":{"allow":["GET"]}}],"collection":[{"href":"https:\/\/tesea.uva.es\/en\/wp-json\/wp\/v2\/pages"}],"about":[{"href":"https:\/\/tesea.uva.es\/en\/wp-json\/wp\/v2\/types\/page"}],"author":[{"embeddable":true,"href":"https:\/\/tesea.uva.es\/en\/wp-json\/wp\/v2\/users\/169"}],"replies":[{"embeddable":true,"href":"https:\/\/tesea.uva.es\/en\/wp-json\/wp\/v2\/comments?post=471"}],"version-history":[{"count":0,"href":"https:\/\/tesea.uva.es\/en\/wp-json\/wp\/v2\/pages\/471\/revisions"}],"up":[{"embeddable":true,"href":"https:\/\/tesea.uva.es\/en\/wp-json\/wp\/v2\/pages\/467"}],"wp:attachment":[{"href":"https:\/\/tesea.uva.es\/en\/wp-json\/wp\/v2\/media?parent=471"}],"curies":[{"name":"wp","href":"https:\/\/api.w.org\/{rel}","templated":true}]}}