{"id":53,"date":"2013-11-08T01:53:43","date_gmt":"2013-11-08T00:53:43","guid":{"rendered":"http:\/\/tesea.uva.es\/?page_id=53"},"modified":"2014-06-12T12:49:09","modified_gmt":"2014-06-12T11:49:09","slug":"lineas-de-investigacion","status":"publish","type":"page","link":"https:\/\/tesea.uva.es\/en\/lineas-de-investigacion\/","title":{"rendered":"Research Lines"},"content":{"rendered":"<p><strong>Objectives: <a href=\"http:\/\/tesea.uva.es\/files\/2013\/11\/1255060_26084162.jpg\"><img loading=\"lazy\" decoding=\"async\" class=\"alignright size-medium wp-image-47\" style=\"margin: 5px\" src=\"http:\/\/tesea.uva.es\/files\/2013\/11\/1255060_26084162-200x300.jpg\" alt=\"1255060_26084162\" width=\"200\" height=\"300\" srcset=\"https:\/\/tesea.uva.es\/files\/2013\/11\/1255060_26084162-200x300.jpg 200w, https:\/\/tesea.uva.es\/files\/2013\/11\/1255060_26084162-682x1024.jpg 682w, https:\/\/tesea.uva.es\/files\/2013\/11\/1255060_26084162-250x374.jpg 250w, https:\/\/tesea.uva.es\/files\/2013\/11\/1255060_26084162.jpg 883w\" sizes=\"auto, (max-width: 200px) 100vw, 200px\" \/><\/a><\/strong><\/p>\n<p style=\"text-align: justify\">The group consists of the union of the existing groups of Chromatography and Related Techniques and Applied Chemical Analysis and aims to research and development of methodologies for solving real problems of economic and social interest. Its objectives can be listed: &#8211; Preparation of qualified personnel in modern techniques of analysis widely used in industries as diverse as academic or industrial, through theoretical and practical courses of specialization. &#8211; The analysis of complex samples which usually requires the use of hybrid and multidimensional techniques. &#8211; Working with Government agencies and private entities in solving analytical chemistry problems, validation methodologies, prototyping, etc..<\/p>\n<p><strong>Research lines:<\/strong><\/p>\n<ul>\n<li><a title=\"Environmental analysis\" href=\"https:\/\/tesea.uva.es\/en\/lineas-de-investigacion\/analisis-medioambiental\/\">Environmental analysis<\/a><\/li>\n<li><a title=\"Food quality and safety\" href=\"https:\/\/tesea.uva.es\/en\/lineas-de-investigacion\/calidad-y-seguridad-alimentaria\/\">Food quality and safety<\/a><\/li>\n<li><a title=\"Validation of chromatographic methods \" href=\"https:\/\/tesea.uva.es\/en\/lineas-de-investigacion\/validacion-de-metodos-cromatograficos\/\">Validaci\u00f3n de m\u00e9todos cromatogr\u00e1ficos<\/a><\/li>\n<li><a title=\"Persistence and drug degradation\" href=\"https:\/\/tesea.uva.es\/en\/lineas-de-investigacion\/persistencia-y-degradacion-de-farmacos\/\">Persistence and drug degradation<\/a><\/li>\n<li><a title=\"Analytical archaeometry\" href=\"https:\/\/tesea.uva.es\/en\/lineas-de-investigacion\/arqueometria-analitica\/\">Analytical archaeometry<\/a><\/li>\n<\/ul>\n<p><\/p>","protected":false},"excerpt":{"rendered":"<p>Objectives: The group consists of the union of the existing groups of Chromatography and Related Techniques and Applied Chemical Analysis and aims to research and development of methodologies for solving real problems of economic and social interest. Its objectives can be listed: &#8211; Preparation of qualified personnel in modern techniques of analysis widely used in industries as diverse as academic or industrial, through theoretical and practical courses of specialization. &#8211; The analysis of complex samples which usually requires the use of hybrid and multidimensional techniques.&hellip;<\/p>\n","protected":false},"author":169,"featured_media":0,"parent":0,"menu_order":0,"comment_status":"closed","ping_status":"closed","template":"","meta":{"footnotes":""},"class_list":["post-53","page","type-page","status-publish","hentry"],"_links":{"self":[{"href":"https:\/\/tesea.uva.es\/en\/wp-json\/wp\/v2\/pages\/53","targetHints":{"allow":["GET"]}}],"collection":[{"href":"https:\/\/tesea.uva.es\/en\/wp-json\/wp\/v2\/pages"}],"about":[{"href":"https:\/\/tesea.uva.es\/en\/wp-json\/wp\/v2\/types\/page"}],"author":[{"embeddable":true,"href":"https:\/\/tesea.uva.es\/en\/wp-json\/wp\/v2\/users\/169"}],"replies":[{"embeddable":true,"href":"https:\/\/tesea.uva.es\/en\/wp-json\/wp\/v2\/comments?post=53"}],"version-history":[{"count":0,"href":"https:\/\/tesea.uva.es\/en\/wp-json\/wp\/v2\/pages\/53\/revisions"}],"wp:attachment":[{"href":"https:\/\/tesea.uva.es\/en\/wp-json\/wp\/v2\/media?parent=53"}],"curies":[{"name":"wp","href":"https:\/\/api.w.org\/{rel}","templated":true}]}}