{"id":86,"date":"2014-06-11T22:10:47","date_gmt":"2014-06-11T20:10:47","guid":{"rendered":"http:\/\/tesea.uva.es\/?page_id=86"},"modified":"2022-11-06T18:01:13","modified_gmt":"2022-11-06T17:01:13","slug":"contactar","status":"publish","type":"page","link":"https:\/\/tesea.uva.es\/en\/contactar\/","title":{"rendered":"Contactar\/Contact"},"content":{"rendered":"<div class=\"acBfdmbq\">\n<p>Correo electr\u00f3nico:\u00a0<a href=\"teseagroup@gmail.com\">teseagroup@gmail.com<\/a><\/p>\n<p>Direcci\u00f3n: Grupo TESEA, Edificio QUIFIMA, Campus Miguel Delibes, Paseo de Bel\u00e9n 5, 47011, Valladolid<\/p>\n<p>Tel\u00e9fono: +34 983 18 63 47<\/p>\n<\/div>\n<p>Redes Sociales:<\/p>\n<p><a href=\"https:\/\/www.linkedin.com\/company\/grupotesea\/\">https:\/\/www.linkedin.com\/company\/grupotesea\/<\/a><\/p>\n<p><a href=\"https:\/\/twitter.com\/GrupoTesea?s=20&amp;t=tPGH8lkB1eXrLI-ZZwWqNQ\">https:\/\/twitter.com\/GrupoTesea?s=20&amp;t=tPGH8lkB1eXrLI-ZZwWqNQ<\/a><\/p>\n","protected":false},"excerpt":{"rendered":"<p>Correo electr\u00f3nico:\u00a0teseagroup@gmail.com Direcci\u00f3n: Grupo TESEA, Edificio QUIFIMA, Campus Miguel Delibes, Paseo de Bel\u00e9n 5, 47011, Valladolid Tel\u00e9fono: +34 983 18 63 47 Redes Sociales: https:\/\/www.linkedin.com\/company\/grupotesea\/ https:\/\/twitter.com\/GrupoTesea?s=20&amp;t=tPGH8lkB1eXrLI-ZZwWqNQ<\/p>\n","protected":false},"author":169,"featured_media":0,"parent":0,"menu_order":0,"comment_status":"closed","ping_status":"closed","template":"","meta":{"footnotes":""},"class_list":["post-86","page","type-page","status-publish","hentry"],"_links":{"self":[{"href":"https:\/\/tesea.uva.es\/en\/wp-json\/wp\/v2\/pages\/86","targetHints":{"allow":["GET"]}}],"collection":[{"href":"https:\/\/tesea.uva.es\/en\/wp-json\/wp\/v2\/pages"}],"about":[{"href":"https:\/\/tesea.uva.es\/en\/wp-json\/wp\/v2\/types\/page"}],"author":[{"embeddable":true,"href":"https:\/\/tesea.uva.es\/en\/wp-json\/wp\/v2\/users\/169"}],"replies":[{"embeddable":true,"href":"https:\/\/tesea.uva.es\/en\/wp-json\/wp\/v2\/comments?post=86"}],"version-history":[{"count":0,"href":"https:\/\/tesea.uva.es\/en\/wp-json\/wp\/v2\/pages\/86\/revisions"}],"wp:attachment":[{"href":"https:\/\/tesea.uva.es\/en\/wp-json\/wp\/v2\/media?parent=86"}],"curies":[{"name":"wp","href":"https:\/\/api.w.org\/{rel}","templated":true}]}}